{"id":7,"date":"2025-07-30T16:23:37","date_gmt":"2025-07-30T16:23:37","guid":{"rendered":"https:\/\/jp-smart-solutions.de\/?page_id=7"},"modified":"2025-07-30T20:17:36","modified_gmt":"2025-07-30T20:17:36","slug":"digitalisierung-fuer-dein-unternehmen","status":"publish","type":"page","link":"https:\/\/jp-smart-solutions.de\/","title":{"rendered":"Startseite"},"content":{"rendered":"\n<div class=\"wp-block-cover alignfull is-light\" style=\"min-height:720px;aspect-ratio:unset;\"><span aria-hidden=\"true\" class=\"wp-block-cover__background has-background-dim-100 has-background-dim has-background-gradient\" style=\"background:linear-gradient(35deg,rgb(6,0,151) 0%,rgb(130,4,255) 73%,rgb(193,15,255) 100%)\"><\/span><div class=\"wp-block-cover__inner-container is-layout-flow wp-block-cover-is-layout-flow\">\n<div class=\"inherit-container-width wp-block-group alignwide is-layout-constrained wp-block-group-is-layout-constrained\">\n<div class=\"wp-block-media-text alignwide has-media-on-the-right is-stacked-on-mobile is-vertically-aligned-center\" style=\"grid-template-columns:auto 43%\"><div class=\"wp-block-media-text__content\">\n<h1 class=\"wp-block-heading has-text-align-left has-white-color has-text-color\">Mach den Unterschied<\/h1>\n\n\n\n<p class=\"has-white-color has-text-color\">Dein Unternehmen macht den Unterschied! Wir helfen dir dabei das Beste aus deinem Unternehmen herauszuholen, sodass du dich ganz auf das Konzentrieren kannst, was wirklich z\u00e4hlt: Deine Vision. Wie wir das machen? Mit Automatisierung und Digitalisierung<\/p>\n\n\n\n<div class=\"wp-block-buttons is-layout-flex wp-block-buttons-is-layout-flex\">\n<div class=\"wp-block-button\"><a class=\"wp-block-button__link wp-element-button\" href=\"https:\/\/jp-smart-solutions.de\/?page_id=30\">Kontakanfrage<\/a><\/div>\n<\/div>\n<\/div><figure class=\"wp-block-media-text__media\"><img decoding=\"async\" src=\"https:\/\/jp-smart-solutions.de\/wp-content\/themes\/astra\/inc\/assets\/images\/starter-content\/hero-img.svg\" alt=\"Grafik\" class=\"wp-image-118 size-full\"\/><\/figure><\/div>\n<\/div>\n<\/div><\/div>\n\n\n\n<div class=\"wp-block-group alignfull has-ast-global-color-5-background-color has-background is-layout-constrained wp-container-core-group-is-layout-9cedb757 wp-block-group-is-layout-constrained\" style=\"padding-bottom:0px\">\n<div class=\"wp-block-columns are-vertically-aligned-top is-layout-flex wp-container-core-columns-is-layout-00723822 wp-block-columns-is-layout-flex\">\n<div class=\"wp-block-column is-vertically-aligned-top is-layout-flow wp-container-core-column-is-layout-6b73ce23 wp-block-column-is-layout-flow\">\n<figure class=\"wp-block-image size-large\"><img decoding=\"async\" src=\"https:\/\/jp-smart-solutions.de\/wp-content\/themes\/astra\/inc\/assets\/images\/starter-content\/building.svg\" alt=\"Firma\" class=\"wp-image-134\"\/><\/figure>\n\n\n\n<h3 class=\"wp-block-heading has-text-align-left\" style=\"margin-top:16px\">Zukunftsf\u00e4hig bleiben<\/h3>\n\n\n\n<p class=\"has-text-align-left\">Damit dein Unternehmen auch in Zukunft noch w\u00e4chst, solltest du jetzt schon Prozesse von morgen integrieren.<\/p>\n<\/div>\n\n\n\n<div class=\"wp-block-column is-vertically-aligned-top is-layout-flow wp-container-core-column-is-layout-6b73ce23 wp-block-column-is-layout-flow\">\n<figure class=\"wp-block-image size-large\"><img decoding=\"async\" src=\"https:\/\/jp-smart-solutions.de\/wp-content\/themes\/astra\/inc\/assets\/images\/starter-content\/shopping-bag.svg\" alt=\"Einkaufstasche\" class=\"wp-image-135\"\/><\/figure>\n\n\n\n<h3 class=\"wp-block-heading has-text-align-left\" style=\"margin-top:16px\">Zeit &amp; Kosten sparen<\/h3>\n\n\n\n<p class=\"has-text-align-left\">Spare dir und deinen Mitarbeitern Zeit und Kosten, sodass sich jeder auf seine Kernkompetenzen fokussieren kann.<\/p>\n<\/div>\n\n\n\n<div class=\"wp-block-column is-vertically-aligned-top is-layout-flow wp-container-core-column-is-layout-6b73ce23 wp-block-column-is-layout-flow\">\n<figure class=\"wp-block-image size-large\"><img decoding=\"async\" src=\"https:\/\/jp-smart-solutions.de\/wp-content\/themes\/astra\/inc\/assets\/images\/starter-content\/blog.svg\" alt=\"Stift und Papier\" class=\"wp-image-136\"\/><\/figure>\n\n\n\n<h3 class=\"wp-block-heading has-text-align-left\" style=\"margin-top:16px\">Fehlerquellen reduzieren<\/h3>\n\n\n\n<p class=\"has-text-align-left\">Spare Zeit und Fehler \u2013 automatisiere monotone Aufgaben.<\/p>\n<\/div>\n\n\n\n<div class=\"wp-block-column is-vertically-aligned-top is-layout-flow wp-container-core-column-is-layout-6b73ce23 wp-block-column-is-layout-flow\">\n<figure class=\"wp-block-image size-large\"><img decoding=\"async\" src=\"https:\/\/jp-smart-solutions.de\/wp-content\/themes\/astra\/inc\/assets\/images\/starter-content\/portfolio.svg\" alt=\"Checkbox\" class=\"wp-image-137\"\/><\/figure>\n\n\n\n<h3 class=\"wp-block-heading has-text-align-left\" style=\"margin-top:16px\"><a href=\"https:\/\/dsgvo-gesetz.de\/themen\/personenbezogene-daten\/\">DSGVO<\/a>-konform<\/h3>\n\n\n\n<p class=\"has-text-align-left\">Bei uns sind deine Daten sicher!<\/p>\n<\/div>\n<\/div>\n<\/div>\n\n\n\n<div class=\"wp-block-group alignfull is-layout-constrained wp-container-core-group-is-layout-45b0ac4f wp-block-group-is-layout-constrained\" id=\"services\" style=\"padding-top:144px;padding-bottom:0px\">\n<h2 class=\"wp-block-heading\">Unsere Services f\u00fcr dich<\/h2>\n\n\n\n<div class=\"wp-block-columns is-layout-flex wp-container-core-columns-is-layout-60cbf9bb wp-block-columns-is-layout-flex\" style=\"margin-top:50px\">\n<div class=\"wp-block-column is-layout-flow wp-container-core-column-is-layout-6b73ce23 wp-block-column-is-layout-flow\">\n<figure class=\"wp-block-image size-full is-resized has-custom-border wp-duotone-grayscale\"><img loading=\"lazy\" decoding=\"async\" width=\"500\" height=\"333\" src=\"https:\/\/jp-smart-solutions.de\/wp-content\/uploads\/2025\/07\/tablet.jpg\" alt=\"\" class=\"wp-image-59\" style=\"border-top-left-radius:50px;border-bottom-right-radius:50px;aspect-ratio:4\/3;object-fit:cover;width:auto;height:300px\" srcset=\"https:\/\/jp-smart-solutions.de\/wp-content\/uploads\/2025\/07\/tablet.jpg 500w, https:\/\/jp-smart-solutions.de\/wp-content\/uploads\/2025\/07\/tablet-300x200.jpg 300w\" sizes=\"auto, (max-width: 500px) 100vw, 500px\" \/><\/figure>\n\n\n\n<h3 class=\"wp-block-heading\" style=\"margin-top:16px\">Digitalisierung<\/h3>\n\n\n\n<p>Wir analysieren bestehende Abl\u00e4ufe und machen sie digital nutzbar \u2013 von Formularen bis Kundenakten.<\/p>\n<\/div>\n\n\n\n<div class=\"wp-block-column is-layout-flow wp-container-core-column-is-layout-6b73ce23 wp-block-column-is-layout-flow\">\n<figure class=\"wp-block-image size-full is-resized has-custom-border wp-duotone-grayscale\"><img loading=\"lazy\" decoding=\"async\" width=\"2560\" height=\"1707\" src=\"https:\/\/jp-smart-solutions.de\/wp-content\/uploads\/2025\/07\/pexels-tara-winstead-8386440-scaled.jpg\" alt=\"\" class=\"wp-image-58\" style=\"border-top-left-radius:50px;border-top-right-radius:0px;border-bottom-left-radius:0px;border-bottom-right-radius:50px;aspect-ratio:4\/3;object-fit:cover;width:auto;height:300px\" srcset=\"https:\/\/jp-smart-solutions.de\/wp-content\/uploads\/2025\/07\/pexels-tara-winstead-8386440-scaled.jpg 2560w, https:\/\/jp-smart-solutions.de\/wp-content\/uploads\/2025\/07\/pexels-tara-winstead-8386440-300x200.jpg 300w, https:\/\/jp-smart-solutions.de\/wp-content\/uploads\/2025\/07\/pexels-tara-winstead-8386440-1024x683.jpg 1024w, https:\/\/jp-smart-solutions.de\/wp-content\/uploads\/2025\/07\/pexels-tara-winstead-8386440-768x512.jpg 768w, https:\/\/jp-smart-solutions.de\/wp-content\/uploads\/2025\/07\/pexels-tara-winstead-8386440-1536x1024.jpg 1536w, https:\/\/jp-smart-solutions.de\/wp-content\/uploads\/2025\/07\/pexels-tara-winstead-8386440-2048x1365.jpg 2048w\" sizes=\"auto, (max-width: 2560px) 100vw, 2560px\" \/><\/figure>\n\n\n\n<h3 class=\"wp-block-heading\" style=\"margin-top:16px\">Automatisierung<\/h3>\n\n\n\n<p>Wiederkehrende Aufgaben automatisieren wir mit moderner Software oder individuellen Webl\u00f6sungen. Bei uns ist alles dabei<\/p>\n<\/div>\n\n\n\n<div class=\"wp-block-column is-layout-flow wp-container-core-column-is-layout-6b73ce23 wp-block-column-is-layout-flow\">\n<figure class=\"wp-block-image size-full is-resized has-custom-border wp-duotone-grayscale\"><img loading=\"lazy\" decoding=\"async\" width=\"2560\" height=\"1920\" src=\"https:\/\/jp-smart-solutions.de\/wp-content\/uploads\/2025\/07\/pexels-alex-andrews-271121-821754-scaled.jpg\" alt=\"\" class=\"wp-image-57\" style=\"border-top-left-radius:50px;border-bottom-right-radius:50px;aspect-ratio:4\/3;object-fit:cover;width:auto;height:300px\" srcset=\"https:\/\/jp-smart-solutions.de\/wp-content\/uploads\/2025\/07\/pexels-alex-andrews-271121-821754-scaled.jpg 2560w, https:\/\/jp-smart-solutions.de\/wp-content\/uploads\/2025\/07\/pexels-alex-andrews-271121-821754-300x225.jpg 300w, https:\/\/jp-smart-solutions.de\/wp-content\/uploads\/2025\/07\/pexels-alex-andrews-271121-821754-1024x768.jpg 1024w, https:\/\/jp-smart-solutions.de\/wp-content\/uploads\/2025\/07\/pexels-alex-andrews-271121-821754-768x576.jpg 768w, https:\/\/jp-smart-solutions.de\/wp-content\/uploads\/2025\/07\/pexels-alex-andrews-271121-821754-1536x1152.jpg 1536w, https:\/\/jp-smart-solutions.de\/wp-content\/uploads\/2025\/07\/pexels-alex-andrews-271121-821754-2048x1536.jpg 2048w\" sizes=\"auto, (max-width: 2560px) 100vw, 2560px\" \/><\/figure>\n\n\n\n<h3 class=\"wp-block-heading\" style=\"margin-top:16px\">Systemintegration<\/h3>\n\n\n\n<p>Wir verbinden ihre bestehenden Systeme nahtlos miteinander. Damit musst du dich nicht mehr um die Datenpflege selbst k\u00fcmmern. <\/p>\n<\/div>\n<\/div>\n<\/div>\n\n\n\n<div class=\"wp-block-group alignfull has-ast-global-color-5-background-color has-background is-layout-constrained wp-container-core-group-is-layout-94d206d0 wp-block-group-is-layout-constrained\" id=\"about\" style=\"padding-top:143px;padding-bottom:144px\">\n<div class=\"wp-block-media-text has-media-on-the-right is-stacked-on-mobile is-vertically-aligned-center\"><div class=\"wp-block-media-text__content\">\n<div class=\"inherit-container-width wp-block-group is-layout-constrained wp-container-core-group-is-layout-47ce07ec wp-block-group-is-layout-constrained\" style=\"padding-right:80px\">\n<h2 class=\"wp-block-heading\" style=\"padding-right:40px\">Wir k\u00e4mpfen f\u00fcr deine Vision<\/h2>\n\n\n\n<p><strong>Wir sind ein junges, technologiebegeistertes Team mit der Mission, Unternehmen einfach und praxisnah ins digitale Zeitalter zu f\u00fchren.<\/strong><br><strong>Unsere \u00dcberzeugung: Digitalisierung muss verst\u00e4ndlich sein: denn nur einfache Prozesse sind gute Prozesse.<\/strong><\/p>\n\n\n\n<p>Wir helfen deinem Unternehmen, einfach und verst\u00e4ndlich vom analogen Alltag zu digitalen, schlanken und agilen Prozessen zu wechseln \u2013 ganz ohne komplizierte Technik. <\/p>\n<\/div>\n<\/div><figure class=\"wp-block-media-text__media\"><img decoding=\"async\" src=\"https:\/\/jp-smart-solutions.de\/wp-content\/themes\/astra\/inc\/assets\/images\/starter-content\/about-us.jpg\" alt=\"\" class=\"wp-image-237 size-full\"\/><\/figure><\/div>\n<\/div>\n\n\n\n<div class=\"wp-block-group alignfull is-layout-constrained wp-container-core-group-is-layout-3fee123f wp-block-group-is-layout-constrained\" id=\"whyus\" style=\"padding-top:144px;padding-bottom:144px\">\n<h2 class=\"wp-block-heading\">Warum wir<\/h2>\n\n\n\n<div class=\"wp-block-columns is-layout-flex wp-container-core-columns-is-layout-29aadeec wp-block-columns-is-layout-flex\" style=\"margin-top:60px\">\n<div class=\"wp-block-column is-layout-flow wp-container-core-column-is-layout-6b73ce23 wp-block-column-is-layout-flow\">\n<figure class=\"wp-block-image size-large\"><img decoding=\"async\" src=\"https:\/\/jp-smart-solutions.de\/wp-content\/themes\/astra\/inc\/assets\/images\/starter-content\/passionate.svg\" alt=\"herz\" class=\"wp-image-162\"\/><\/figure>\n\n\n\n<h3 class=\"wp-block-heading\" style=\"margin-top:16px\">Leidenschaft<\/h3>\n\n\n\n<p>Wir arbeiten mit Leidenschaft. Bei uns wird jede Software mit Blick auf die Menschen und auf die Software entwickelt.<\/p>\n<\/div>\n\n\n\n<div class=\"wp-block-column is-layout-flow wp-container-core-column-is-layout-6b73ce23 wp-block-column-is-layout-flow\">\n<figure class=\"wp-block-image size-large\"><img decoding=\"async\" src=\"https:\/\/jp-smart-solutions.de\/wp-content\/themes\/astra\/inc\/assets\/images\/starter-content\/professional.svg\" alt=\"daumen hoch\" class=\"wp-image-163\"\/><\/figure>\n\n\n\n<h3 class=\"wp-block-heading\" style=\"margin-top:16px\">Auf Augenh\u00f6he<\/h3>\n\n\n\n<p>Bei uns im Team l\u00e4uft alles auf Augenh\u00f6he auch mit unseren Kunden. Wir brauchen <strong>dein <\/strong>Wissen zu den Prozessen genau so, so wie unsere L\u00f6sungen dir helfen kann.<\/p>\n<\/div>\n\n\n\n<div class=\"wp-block-column is-layout-flow wp-container-core-column-is-layout-6b73ce23 wp-block-column-is-layout-flow\">\n<figure class=\"wp-block-image size-large\"><img decoding=\"async\" src=\"https:\/\/jp-smart-solutions.de\/wp-content\/themes\/astra\/inc\/assets\/images\/starter-content\/support.svg\" alt=\"l\u00f6sungen\" class=\"wp-image-164\"\/><\/figure>\n\n\n\n<h3 class=\"wp-block-heading\" style=\"margin-top:16px\">Individuelle L\u00f6sungen<\/h3>\n\n\n\n<p>Bei uns erhalten Sie individuelle L\u00f6sungen, die einfach und verst\u00e4ndlich sind, statt 08\/15 L\u00f6sungen, die zu \u00fcberladen und kompliziert sind<\/p>\n<\/div>\n<\/div>\n<\/div>\n\n\n\n<div class=\"wp-block-group alignfull has-background is-layout-constrained wp-container-core-group-is-layout-cfcca693 wp-block-group-is-layout-constrained\" id=\"contact\" style=\"background:linear-gradient(35deg,rgb(6,0,151) 0%,rgb(130,4,255) 64%,rgb(193,15,255) 98%);padding-top:104px;padding-bottom:104px\">\n<h2 class=\"wp-block-heading has-text-align-center has-text-color\" style=\"color:#ffffff\">Lassen Sie uns sprechen.<\/h2>\n\n\n\n<p class=\"has-ast-global-color-6-color has-text-color has-link-color wp-elements-d640e7a04ce8490d49b8df3d1fad548b\">In einem unverbindlichen Gespr\u00e4ch kl\u00e4ren wir, wie auch dein Unternehmen von Digitalisierung und Automatisierung profitieren kann.<\/p>\n\n\n\n<div class=\"wp-block-buttons alignwide is-horizontal is-content-justification-center is-layout-flex wp-container-core-buttons-is-layout-bba8380a wp-block-buttons-is-layout-flex\" style=\"margin-top:50px\">\n<div class=\"wp-block-button\"><a class=\"wp-block-button__link wp-element-button\" href=\"https:\/\/jp-smart-solutions.de\/?page_id=30\">Unverbindliches Gespr\u00e4ch anfragen<\/a><\/div>\n<\/div>\n<\/div>\n\n\n\n<p><\/p>\n","protected":false},"excerpt":{"rendered":"<p>Zukunftsf\u00e4hig bleiben Damit dein Unternehmen auch in Zukunft noch w\u00e4chst, solltest du jetzt schon Prozesse von morgen integrieren. Zeit &amp; [&hellip;]<\/p>\n","protected":false},"author":1,"featured_media":0,"parent":0,"menu_order":0,"comment_status":"closed","ping_status":"closed","template":"","meta":{"_uag_custom_page_level_css":"","site-sidebar-layout":"no-sidebar","site-content-layout":"plain-container","ast-site-content-layout":"default","site-content-style":"default","site-sidebar-style":"default","ast-global-header-display":"","ast-banner-title-visibility":"","ast-main-header-display":"","ast-hfb-above-header-display":"","ast-hfb-below-header-display":"","ast-hfb-mobile-header-display":"","site-post-title":"disabled","ast-breadcrumbs-content":"","ast-featured-img":"","footer-sml-layout":"","ast-disable-related-posts":"","theme-transparent-header-meta":"enabled","adv-header-id-meta":"","stick-header-meta":"","header-above-stick-meta":"","header-main-stick-meta":"","header-below-stick-meta":"","astra-migrate-meta-layouts":"default","ast-page-background-enabled":"default","ast-page-background-meta":{"desktop":{"background-color":"var(--ast-global-color-5)","background-image":"","background-repeat":"repeat","background-position":"center center","background-size":"auto","background-attachment":"scroll","background-type":"","background-media":"","overlay-type":"","overlay-color":"","overlay-opacity":"","overlay-gradient":""},"tablet":{"background-color":"","background-image":"","background-repeat":"repeat","background-position":"center center","background-size":"auto","background-attachment":"scroll","background-type":"","background-media":"","overlay-type":"","overlay-color":"","overlay-opacity":"","overlay-gradient":""},"mobile":{"background-color":"","background-image":"","background-repeat":"repeat","background-position":"center center","background-size":"auto","background-attachment":"scroll","background-type":"","background-media":"","overlay-type":"","overlay-color":"","overlay-opacity":"","overlay-gradient":""}},"ast-content-background-meta":{"desktop":{"background-color":"var(--ast-global-color-4)","background-image":"","background-repeat":"repeat","background-position":"center center","background-size":"auto","background-attachment":"scroll","background-type":"","background-media":"","overlay-type":"","overlay-color":"","overlay-opacity":"","overlay-gradient":""},"tablet":{"background-color":"var(--ast-global-color-4)","background-image":"","background-repeat":"repeat","background-position":"center center","background-size":"auto","background-attachment":"scroll","background-type":"","background-media":"","overlay-type":"","overlay-color":"","overlay-opacity":"","overlay-gradient":""},"mobile":{"background-color":"var(--ast-global-color-4)","background-image":"","background-repeat":"repeat","background-position":"center center","background-size":"auto","background-attachment":"scroll","background-type":"","background-media":"","overlay-type":"","overlay-color":"","overlay-opacity":"","overlay-gradient":""}},"footnotes":""},"class_list":["post-7","page","type-page","status-publish","hentry"],"yoast_head":"<!-- This site is optimized with the Yoast SEO plugin v26.6 - https:\/\/yoast.com\/wordpress\/plugins\/seo\/ -->\n<title>Digitalisierung f\u00fcr dein Unternehmen - JP Smart Solutions<\/title>\n<meta name=\"description\" content=\"Dein Unternehmen f\u00fcr individuelle Digitalisierungs- und Automatisierungsl\u00f6sungen. Wir helfen deinem Unternehmen voranzukommen.\" \/>\n<meta name=\"robots\" content=\"index, follow, max-snippet:-1, max-image-preview:large, max-video-preview:-1\" \/>\n<link rel=\"canonical\" href=\"https:\/\/jp-smart-solutions.de\/\" \/>\n<meta property=\"og:locale\" content=\"de_DE\" \/>\n<meta property=\"og:type\" content=\"article\" \/>\n<meta property=\"og:title\" content=\"Digitalisierung f\u00fcr dein Unternehmen - JP Smart Solutions\" \/>\n<meta property=\"og:description\" content=\"Dein Unternehmen f\u00fcr individuelle Digitalisierungs- und Automatisierungsl\u00f6sungen. Wir helfen deinem Unternehmen voranzukommen.\" \/>\n<meta property=\"og:url\" content=\"https:\/\/jp-smart-solutions.de\/\" \/>\n<meta property=\"og:site_name\" content=\"JP Smart Solutions\" \/>\n<meta property=\"article:modified_time\" content=\"2025-07-30T20:17:36+00:00\" \/>\n<meta name=\"twitter:card\" content=\"summary_large_image\" \/>\n<meta name=\"twitter:label1\" content=\"Gesch\u00e4tzte Lesezeit\" \/>\n\t<meta name=\"twitter:data1\" content=\"5\u00a0Minuten\" \/>\n<script type=\"application\/ld+json\" class=\"yoast-schema-graph\">{\"@context\":\"https:\/\/schema.org\",\"@graph\":[{\"@type\":\"WebPage\",\"@id\":\"https:\/\/jp-smart-solutions.de\/\",\"url\":\"https:\/\/jp-smart-solutions.de\/\",\"name\":\"Digitalisierung f\u00fcr dein Unternehmen - JP Smart Solutions\",\"isPartOf\":{\"@id\":\"https:\/\/jp-smart-solutions.de\/#website\"},\"primaryImageOfPage\":{\"@id\":\"https:\/\/jp-smart-solutions.de\/#primaryimage\"},\"image\":{\"@id\":\"https:\/\/jp-smart-solutions.de\/#primaryimage\"},\"thumbnailUrl\":\"https:\/\/jp-smart-solutions.de\/wp-content\/themes\/astra\/inc\/assets\/images\/starter-content\/hero-img.svg\",\"datePublished\":\"2025-07-30T16:23:37+00:00\",\"dateModified\":\"2025-07-30T20:17:36+00:00\",\"description\":\"Dein Unternehmen f\u00fcr individuelle Digitalisierungs- und Automatisierungsl\u00f6sungen. Wir helfen deinem Unternehmen voranzukommen.\",\"breadcrumb\":{\"@id\":\"https:\/\/jp-smart-solutions.de\/#breadcrumb\"},\"inLanguage\":\"de\",\"potentialAction\":[{\"@type\":\"ReadAction\",\"target\":[\"https:\/\/jp-smart-solutions.de\/\"]}]},{\"@type\":\"ImageObject\",\"inLanguage\":\"de\",\"@id\":\"https:\/\/jp-smart-solutions.de\/#primaryimage\",\"url\":\"\",\"contentUrl\":\"\"},{\"@type\":\"BreadcrumbList\",\"@id\":\"https:\/\/jp-smart-solutions.de\/#breadcrumb\",\"itemListElement\":[{\"@type\":\"ListItem\",\"position\":1,\"name\":\"Startseite\",\"item\":\"https:\/\/jp-smart-solutions.de\/\"},{\"@type\":\"ListItem\",\"position\":2,\"name\":\"Startseite\"}]},{\"@type\":\"WebSite\",\"@id\":\"https:\/\/jp-smart-solutions.de\/#website\",\"url\":\"https:\/\/jp-smart-solutions.de\/\",\"name\":\"JP Smart Solutions\",\"description\":\"Der einfachste Weg zum digitalen Unternehmen\",\"publisher\":{\"@id\":\"https:\/\/jp-smart-solutions.de\/#organization\"},\"potentialAction\":[{\"@type\":\"SearchAction\",\"target\":{\"@type\":\"EntryPoint\",\"urlTemplate\":\"https:\/\/jp-smart-solutions.de\/?s={search_term_string}\"},\"query-input\":{\"@type\":\"PropertyValueSpecification\",\"valueRequired\":true,\"valueName\":\"search_term_string\"}}],\"inLanguage\":\"de\"},{\"@type\":\"Organization\",\"@id\":\"https:\/\/jp-smart-solutions.de\/#organization\",\"name\":\"JP Smart Solutions\",\"url\":\"https:\/\/jp-smart-solutions.de\/\",\"logo\":{\"@type\":\"ImageObject\",\"inLanguage\":\"de\",\"@id\":\"https:\/\/jp-smart-solutions.de\/#\/schema\/logo\/image\/\",\"url\":\"https:\/\/jp-smart-solutions.de\/wp-content\/uploads\/2025\/07\/logo_text.png\",\"contentUrl\":\"https:\/\/jp-smart-solutions.de\/wp-content\/uploads\/2025\/07\/logo_text.png\",\"width\":450,\"height\":409,\"caption\":\"JP Smart Solutions\"},\"image\":{\"@id\":\"https:\/\/jp-smart-solutions.de\/#\/schema\/logo\/image\/\"}}]}<\/script>\n<!-- \/ Yoast SEO plugin. -->","yoast_head_json":{"title":"Digitalisierung f\u00fcr dein Unternehmen - JP Smart Solutions","description":"Dein Unternehmen f\u00fcr individuelle Digitalisierungs- und Automatisierungsl\u00f6sungen. Wir helfen deinem Unternehmen voranzukommen.","robots":{"index":"index","follow":"follow","max-snippet":"max-snippet:-1","max-image-preview":"max-image-preview:large","max-video-preview":"max-video-preview:-1"},"canonical":"https:\/\/jp-smart-solutions.de\/","og_locale":"de_DE","og_type":"article","og_title":"Digitalisierung f\u00fcr dein Unternehmen - JP Smart Solutions","og_description":"Dein Unternehmen f\u00fcr individuelle Digitalisierungs- und Automatisierungsl\u00f6sungen. Wir helfen deinem Unternehmen voranzukommen.","og_url":"https:\/\/jp-smart-solutions.de\/","og_site_name":"JP Smart Solutions","article_modified_time":"2025-07-30T20:17:36+00:00","twitter_card":"summary_large_image","twitter_misc":{"Gesch\u00e4tzte Lesezeit":"5\u00a0Minuten"},"schema":{"@context":"https:\/\/schema.org","@graph":[{"@type":"WebPage","@id":"https:\/\/jp-smart-solutions.de\/","url":"https:\/\/jp-smart-solutions.de\/","name":"Digitalisierung f\u00fcr dein Unternehmen - JP Smart Solutions","isPartOf":{"@id":"https:\/\/jp-smart-solutions.de\/#website"},"primaryImageOfPage":{"@id":"https:\/\/jp-smart-solutions.de\/#primaryimage"},"image":{"@id":"https:\/\/jp-smart-solutions.de\/#primaryimage"},"thumbnailUrl":"https:\/\/jp-smart-solutions.de\/wp-content\/themes\/astra\/inc\/assets\/images\/starter-content\/hero-img.svg","datePublished":"2025-07-30T16:23:37+00:00","dateModified":"2025-07-30T20:17:36+00:00","description":"Dein Unternehmen f\u00fcr individuelle Digitalisierungs- und Automatisierungsl\u00f6sungen. Wir helfen deinem Unternehmen voranzukommen.","breadcrumb":{"@id":"https:\/\/jp-smart-solutions.de\/#breadcrumb"},"inLanguage":"de","potentialAction":[{"@type":"ReadAction","target":["https:\/\/jp-smart-solutions.de\/"]}]},{"@type":"ImageObject","inLanguage":"de","@id":"https:\/\/jp-smart-solutions.de\/#primaryimage","url":"","contentUrl":""},{"@type":"BreadcrumbList","@id":"https:\/\/jp-smart-solutions.de\/#breadcrumb","itemListElement":[{"@type":"ListItem","position":1,"name":"Startseite","item":"https:\/\/jp-smart-solutions.de\/"},{"@type":"ListItem","position":2,"name":"Startseite"}]},{"@type":"WebSite","@id":"https:\/\/jp-smart-solutions.de\/#website","url":"https:\/\/jp-smart-solutions.de\/","name":"JP Smart Solutions","description":"Der einfachste Weg zum digitalen Unternehmen","publisher":{"@id":"https:\/\/jp-smart-solutions.de\/#organization"},"potentialAction":[{"@type":"SearchAction","target":{"@type":"EntryPoint","urlTemplate":"https:\/\/jp-smart-solutions.de\/?s={search_term_string}"},"query-input":{"@type":"PropertyValueSpecification","valueRequired":true,"valueName":"search_term_string"}}],"inLanguage":"de"},{"@type":"Organization","@id":"https:\/\/jp-smart-solutions.de\/#organization","name":"JP Smart Solutions","url":"https:\/\/jp-smart-solutions.de\/","logo":{"@type":"ImageObject","inLanguage":"de","@id":"https:\/\/jp-smart-solutions.de\/#\/schema\/logo\/image\/","url":"https:\/\/jp-smart-solutions.de\/wp-content\/uploads\/2025\/07\/logo_text.png","contentUrl":"https:\/\/jp-smart-solutions.de\/wp-content\/uploads\/2025\/07\/logo_text.png","width":450,"height":409,"caption":"JP Smart Solutions"},"image":{"@id":"https:\/\/jp-smart-solutions.de\/#\/schema\/logo\/image\/"}}]}},"uagb_featured_image_src":{"full":false,"thumbnail":false,"medium":false,"medium_large":false,"large":false,"1536x1536":false,"2048x2048":false},"uagb_author_info":{"display_name":"admin","author_link":"https:\/\/jp-smart-solutions.de\/?author=1"},"uagb_comment_info":0,"uagb_excerpt":"Zukunftsf\u00e4hig bleiben Damit dein Unternehmen auch in Zukunft noch w\u00e4chst, solltest du jetzt schon Prozesse von morgen integrieren. Zeit &amp; [&hellip;]","_links":{"self":[{"href":"https:\/\/jp-smart-solutions.de\/index.php?rest_route=\/wp\/v2\/pages\/7","targetHints":{"allow":["GET"]}}],"collection":[{"href":"https:\/\/jp-smart-solutions.de\/index.php?rest_route=\/wp\/v2\/pages"}],"about":[{"href":"https:\/\/jp-smart-solutions.de\/index.php?rest_route=\/wp\/v2\/types\/page"}],"author":[{"embeddable":true,"href":"https:\/\/jp-smart-solutions.de\/index.php?rest_route=\/wp\/v2\/users\/1"}],"replies":[{"embeddable":true,"href":"https:\/\/jp-smart-solutions.de\/index.php?rest_route=%2Fwp%2Fv2%2Fcomments&post=7"}],"version-history":[{"count":6,"href":"https:\/\/jp-smart-solutions.de\/index.php?rest_route=\/wp\/v2\/pages\/7\/revisions"}],"predecessor-version":[{"id":60,"href":"https:\/\/jp-smart-solutions.de\/index.php?rest_route=\/wp\/v2\/pages\/7\/revisions\/60"}],"wp:attachment":[{"href":"https:\/\/jp-smart-solutions.de\/index.php?rest_route=%2Fwp%2Fv2%2Fmedia&parent=7"}],"curies":[{"name":"wp","href":"https:\/\/api.w.org\/{rel}","templated":true}]}}